{"id":200,"date":"2023-04-11T00:12:14","date_gmt":"2023-04-10T21:12:14","guid":{"rendered":"http:\/\/garaj808.com\/?page_id=200"},"modified":"2023-04-11T01:27:16","modified_gmt":"2023-04-10T22:27:16","slug":"dovme-hakkinda-bilgi","status":"publish","type":"page","link":"https:\/\/garaj808.com\/?page_id=200","title":{"rendered":"\u00d6ng\u00f6r\u00fc\u015fme Formu"},"content":{"rendered":"\t\t<div data-elementor-type=\"wp-page\" data-elementor-id=\"200\" class=\"elementor elementor-200\">\n\t\t\t\t\t\t\t\t\t<section class=\"elementor-section elementor-top-section elementor-element elementor-element-237ff0c8 elementor-section-boxed elementor-section-height-default elementor-section-height-default\" data-id=\"237ff0c8\" data-element_type=\"section\">\n\t\t\t\t\t\t<div class=\"elementor-container elementor-column-gap-default\">\n\t\t\t\t\t<div class=\"elementor-column elementor-col-100 elementor-top-column elementor-element elementor-element-5f384c0b\" data-id=\"5f384c0b\" data-element_type=\"column\" data-settings=\"{&quot;background_background&quot;:&quot;classic&quot;}\">\n\t\t\t<div class=\"elementor-widget-wrap elementor-element-populated\">\n\t\t\t\t\t\t\t\t<div class=\"elementor-element elementor-element-7b461c68 e-transform elementor-widget__width-initial elementor-widget elementor-widget-shortcode\" data-id=\"7b461c68\" data-element_type=\"widget\" data-settings=\"{&quot;_transform_scale_effect&quot;:{&quot;unit&quot;:&quot;px&quot;,&quot;size&quot;:&quot;&quot;,&quot;sizes&quot;:[]},&quot;_transform_scale_effect_tablet&quot;:{&quot;unit&quot;:&quot;px&quot;,&quot;size&quot;:&quot;&quot;,&quot;sizes&quot;:[]},&quot;_transform_scale_effect_mobile&quot;:{&quot;unit&quot;:&quot;px&quot;,&quot;size&quot;:&quot;&quot;,&quot;sizes&quot;:[]}}\" data-widget_type=\"shortcode.default\">\n\t\t\t\t<div class=\"elementor-widget-container\">\n\t\t\t\t\t<div class=\"elementor-shortcode\"><div class=\"wpforms-container wpforms-container-full wpforms-render-modern\" id=\"wpforms-179\"><form id=\"wpforms-form-179\" class=\"wpforms-validate wpforms-form wpforms-ajax-form\" data-formid=\"179\" method=\"post\" enctype=\"multipart\/form-data\" action=\"\/index.php?rest_route=%2Fwp%2Fv2%2Fpages%2F200\" data-token=\"0036631231a3fc67aeae347f5ef7b27b\"><noscript class=\"wpforms-error-noscript\">Bu formu bitirebilmek i\u00e7in taray\u0131c\u0131n\u0131zda JavaScript&#039;i etkinle\u015ftirin.<\/noscript><div class=\"wpforms-hidden\" id=\"wpforms-error-noscript\">Bu formu bitirebilmek i\u00e7in taray\u0131c\u0131n\u0131zda JavaScript&#039;i etkinle\u015ftirin.<\/div><div class=\"wpforms-field-container\"><div id=\"wpforms-179-field_1-container\" class=\"wpforms-field wpforms-field-name\" data-field-id=\"1\"><fieldset><legend class=\"wpforms-field-label\">\u0130sim <span class=\"wpforms-required-label\" aria-hidden=\"true\">*<\/span><\/legend><div class=\"wpforms-field-row wpforms-field-medium\"><div class=\"wpforms-field-row-block wpforms-first wpforms-one-half\"><input type=\"text\" id=\"wpforms-179-field_1\" class=\"wpforms-field-name-first wpforms-field-required\" name=\"wpforms[fields][1][first]\" aria-errormessage=\"wpforms-179-field_1-error\" required><label for=\"wpforms-179-field_1\" class=\"wpforms-field-sublabel after \">Ad<\/label><\/div><div class=\"wpforms-field-row-block wpforms-one-half\"><input type=\"text\" id=\"wpforms-179-field_1-last\" class=\"wpforms-field-name-last wpforms-field-required\" name=\"wpforms[fields][1][last]\" aria-errormessage=\"wpforms-179-field_1-last-error\" required><label for=\"wpforms-179-field_1-last\" class=\"wpforms-field-sublabel after \">Soyad<\/label><\/div><\/div><\/fieldset><\/div><div id=\"wpforms-179-field_4-container\" class=\"wpforms-field wpforms-field-email\" data-field-id=\"4\"><label class=\"wpforms-field-label\" for=\"wpforms-179-field_4\">Email <span class=\"wpforms-required-label\" aria-hidden=\"true\">*<\/span><\/label><input type=\"email\" id=\"wpforms-179-field_4\" class=\"wpforms-field-medium wpforms-field-required\" name=\"wpforms[fields][4]\" spellcheck=\"false\" aria-errormessage=\"wpforms-179-field_4-error\" required><\/div><div id=\"wpforms-179-field_7-container\" class=\"wpforms-field wpforms-field-text\" data-field-id=\"7\"><label class=\"wpforms-field-label\" for=\"wpforms-179-field_7\">Telefon<\/label><input type=\"text\" id=\"wpforms-179-field_7\" class=\"wpforms-field-medium\" name=\"wpforms[fields][7]\" aria-errormessage=\"wpforms-179-field_7-error\" ><\/div><div id=\"wpforms-179-field_6-container\" class=\"wpforms-field wpforms-field-text\" data-field-id=\"6\"><label class=\"wpforms-field-label\" for=\"wpforms-179-field_6\">Sanat\u00e7\u0131 tercihi (varsa)<\/label><input type=\"text\" id=\"wpforms-179-field_6\" class=\"wpforms-field-medium\" name=\"wpforms[fields][6]\" aria-errormessage=\"wpforms-179-field_6-error\" ><\/div><div id=\"wpforms-179-field_13-container\" class=\"wpforms-field wpforms-field-radio wpforms-list-2-columns\" data-field-id=\"13\"><fieldset><legend class=\"wpforms-field-label\">B\u00f6lge  <span class=\"wpforms-required-label\" aria-hidden=\"true\">*<\/span><\/legend><ul id=\"wpforms-179-field_13\" class=\"wpforms-field-required\"><li class=\"choice-1 depth-1\"><input type=\"radio\" id=\"wpforms-179-field_13_1\" name=\"wpforms[fields][13]\" value=\"Kol\" aria-errormessage=\"wpforms-179-field_13_1-error\" required ><label class=\"wpforms-field-label-inline\" for=\"wpforms-179-field_13_1\">Kol<\/label><\/li><li class=\"choice-2 depth-1\"><input type=\"radio\" id=\"wpforms-179-field_13_2\" name=\"wpforms[fields][13]\" value=\"Bacak\" aria-errormessage=\"wpforms-179-field_13_2-error\" required ><label class=\"wpforms-field-label-inline\" for=\"wpforms-179-field_13_2\">Bacak<\/label><\/li><li class=\"choice-3 depth-1\"><input type=\"radio\" id=\"wpforms-179-field_13_3\" name=\"wpforms[fields][13]\" value=\"S\u0131rt\" aria-errormessage=\"wpforms-179-field_13_3-error\" required ><label class=\"wpforms-field-label-inline\" for=\"wpforms-179-field_13_3\">S\u0131rt<\/label><\/li><li class=\"choice-17 depth-1\"><input type=\"radio\" id=\"wpforms-179-field_13_17\" name=\"wpforms[fields][13]\" value=\"G\u00f6\u011f\u00fcs\" aria-errormessage=\"wpforms-179-field_13_17-error\" required ><label class=\"wpforms-field-label-inline\" for=\"wpforms-179-field_13_17\">G\u00f6\u011f\u00fcs<\/label><\/li><li class=\"choice-23 depth-1\"><input type=\"radio\" id=\"wpforms-179-field_13_23\" name=\"wpforms[fields][13]\" value=\"Kar\u0131n\" aria-errormessage=\"wpforms-179-field_13_23-error\" required ><label class=\"wpforms-field-label-inline\" for=\"wpforms-179-field_13_23\">Kar\u0131n<\/label><\/li><li class=\"choice-24 depth-1\"><input type=\"radio\" id=\"wpforms-179-field_13_24\" name=\"wpforms[fields][13]\" value=\"El\/Ayak\" aria-errormessage=\"wpforms-179-field_13_24-error\" required ><label class=\"wpforms-field-label-inline\" for=\"wpforms-179-field_13_24\">El\/Ayak<\/label><\/li><li class=\"choice-25 depth-1\"><input type=\"radio\" id=\"wpforms-179-field_13_25\" name=\"wpforms[fields][13]\" value=\"Boyun\" aria-errormessage=\"wpforms-179-field_13_25-error\" required ><label class=\"wpforms-field-label-inline\" for=\"wpforms-179-field_13_25\">Boyun<\/label><\/li><li class=\"choice-26 depth-1\"><input type=\"radio\" id=\"wpforms-179-field_13_26\" name=\"wpforms[fields][13]\" value=\"Kafa\" aria-errormessage=\"wpforms-179-field_13_26-error\" required ><label class=\"wpforms-field-label-inline\" for=\"wpforms-179-field_13_26\">Kafa<\/label><\/li><\/ul><\/fieldset><\/div><div id=\"wpforms-179-field_8-container\" class=\"wpforms-field wpforms-field-text\" data-field-id=\"8\"><label class=\"wpforms-field-label\" for=\"wpforms-179-field_8\">Boyut <span class=\"wpforms-required-label\" aria-hidden=\"true\">*<\/span><\/label><input type=\"text\" id=\"wpforms-179-field_8\" class=\"wpforms-field-medium wpforms-field-required\" name=\"wpforms[fields][8]\" aria-errormessage=\"wpforms-179-field_8-error\" aria-describedby=\"wpforms-179-field_8-description\" required><div id=\"wpforms-179-field_8-description\" class=\"wpforms-field-description\">(\u00f6rn: ortalama 12-15cm uzunluk veya 10x15cm gibi)<\/div><\/div><div id=\"wpforms-179-field_14-container\" class=\"wpforms-field wpforms-field-textarea\" data-field-id=\"14\"><label class=\"wpforms-field-label\" for=\"wpforms-179-field_14\">Tasar\u0131m Hakk\u0131nda Bilgi <span class=\"wpforms-required-label\" aria-hidden=\"true\">*<\/span><\/label><textarea id=\"wpforms-179-field_14\" class=\"wpforms-field-medium wpforms-field-required\" name=\"wpforms[fields][14]\" aria-errormessage=\"wpforms-179-field_14-error\" aria-describedby=\"wpforms-179-field_14-description\" required><\/textarea><div id=\"wpforms-179-field_14-description\" class=\"wpforms-field-description\">(\u00f6rnek g\u00f6rsel, ilham panolar\u0131 i\u00e7in link ekleyebilirsiniz)<\/div><\/div><div id=\"wpforms-179-field_11-container\" class=\"wpforms-field wpforms-field-radio wpforms-list-inline\" data-field-id=\"11\"><fieldset><legend class=\"wpforms-field-label\">Cilt Tonunuz <span class=\"wpforms-required-label\" aria-hidden=\"true\">*<\/span><\/legend><ul id=\"wpforms-179-field_11\" class=\"wpforms-field-required wpforms-image-choices wpforms-image-choices-classic\"><li class=\"choice-1 depth-1 wpforms-image-choices-item\"><label class=\"wpforms-field-label-inline\" for=\"wpforms-179-field_11_1\" tabindex=\"0\"><span class=\"wpforms-image-choices-image\"><img decoding=\"async\" src=\"http:\/\/garaj808.com\/wp-content\/uploads\/2023\/04\/cilt1.png\" alt=\"\"><\/span><input type=\"radio\" id=\"wpforms-179-field_11_1\" class=\"wpforms-screen-reader-element\" name=\"wpforms[fields][11]\" value=\"1 Se\u00e7imi\" aria-errormessage=\"wpforms-179-field_11_1-error\" tabindex=\"-1\" required ><span class=\"wpforms-image-choices-label\"><\/span><\/label><\/li><li class=\"choice-2 depth-1 wpforms-image-choices-item\"><label class=\"wpforms-field-label-inline\" for=\"wpforms-179-field_11_2\" tabindex=\"0\"><span class=\"wpforms-image-choices-image\"><img decoding=\"async\" src=\"http:\/\/garaj808.com\/wp-content\/uploads\/2023\/04\/cilt2.png\" alt=\"\"><\/span><input type=\"radio\" id=\"wpforms-179-field_11_2\" class=\"wpforms-screen-reader-element\" name=\"wpforms[fields][11]\" value=\"2 Se\u00e7imi\" aria-errormessage=\"wpforms-179-field_11_2-error\" tabindex=\"-1\" required ><span class=\"wpforms-image-choices-label\"><\/span><\/label><\/li><li class=\"choice-3 depth-1 wpforms-image-choices-item\"><label class=\"wpforms-field-label-inline\" for=\"wpforms-179-field_11_3\" tabindex=\"0\"><span class=\"wpforms-image-choices-image\"><img decoding=\"async\" src=\"http:\/\/garaj808.com\/wp-content\/uploads\/2023\/04\/cilt3.png\" alt=\"\"><\/span><input type=\"radio\" id=\"wpforms-179-field_11_3\" class=\"wpforms-screen-reader-element\" name=\"wpforms[fields][11]\" value=\"3 Se\u00e7imi\" aria-errormessage=\"wpforms-179-field_11_3-error\" tabindex=\"-1\" required ><span class=\"wpforms-image-choices-label\"><\/span><\/label><\/li><\/ul><\/fieldset><\/div><div id=\"wpforms-179-field_12-container\" class=\"wpforms-field wpforms-field-radio\" data-field-id=\"12\"><fieldset><legend class=\"wpforms-field-label\">Daha \u00f6nce d\u00f6vme yapt\u0131rd\u0131n\u0131z m\u0131?<\/legend><ul id=\"wpforms-179-field_12\"><li class=\"choice-1 depth-1\"><input type=\"radio\" id=\"wpforms-179-field_12_1\" name=\"wpforms[fields][12]\" value=\"Evet\" aria-errormessage=\"wpforms-179-field_12_1-error\"  ><label class=\"wpforms-field-label-inline\" for=\"wpforms-179-field_12_1\">Evet<\/label><\/li><li class=\"choice-2 depth-1\"><input type=\"radio\" id=\"wpforms-179-field_12_2\" name=\"wpforms[fields][12]\" value=\"Hay\u0131r:)\" aria-errormessage=\"wpforms-179-field_12_2-error\"  ><label class=\"wpforms-field-label-inline\" for=\"wpforms-179-field_12_2\">Hay\u0131r:)<\/label><\/li><\/ul><\/fieldset><\/div><div id=\"wpforms-179-field_16-container\" class=\"wpforms-field wpforms-field-textarea\" data-field-id=\"16\"><label class=\"wpforms-field-label\" for=\"wpforms-179-field_16\">Paragraf Metni<\/label><textarea id=\"wpforms-179-field_16\" class=\"wpforms-field-medium\" name=\"wpforms[fields][16]\" aria-errormessage=\"wpforms-179-field_16-error\" ><\/textarea><\/div><\/div><!-- .wpforms-field-container --><div class=\"wpforms-submit-container\" ><input type=\"hidden\" name=\"wpforms[id]\" value=\"179\"><input type=\"hidden\" name=\"wpforms[author]\" value=\"1\"><button type=\"submit\" name=\"wpforms[submit]\" id=\"wpforms-submit-179\" class=\"wpforms-submit\" data-alt-text=\"Y\u00dcKLEN\u0130YOR\" data-submit-text=\"ONAYLA\" aria-live=\"assertive\" value=\"wpforms-submit\">ONAYLA<\/button><img decoding=\"async\" src=\"https:\/\/garaj808.com\/wp-content\/plugins\/wpforms-lite\/assets\/images\/submit-spin.svg\" class=\"wpforms-submit-spinner\" style=\"display: none;\" width=\"26\" height=\"26\" alt=\"Y\u00fckleniyor\"><\/div><\/form><\/div>  <!-- .wpforms-container --><\/div>\n\t\t\t\t<\/div>\n\t\t\t\t<\/div>\n\t\t\t\t\t<\/div>\n\t\t<\/div>\n\t\t\t\t\t\t\t<\/div>\n\t\t<\/section>\n\t\t\t\t\t\t\t<\/div>\n\t\t","protected":false},"excerpt":{"rendered":"","protected":false},"author":1,"featured_media":0,"parent":0,"menu_order":0,"comment_status":"closed","ping_status":"closed","template":"","meta":{"footnotes":""},"class_list":["post-200","page","type-page","status-publish","hentry"],"_links":{"self":[{"href":"https:\/\/garaj808.com\/index.php?rest_route=\/wp\/v2\/pages\/200","targetHints":{"allow":["GET"]}}],"collection":[{"href":"https:\/\/garaj808.com\/index.php?rest_route=\/wp\/v2\/pages"}],"about":[{"href":"https:\/\/garaj808.com\/index.php?rest_route=\/wp\/v2\/types\/page"}],"author":[{"embeddable":true,"href":"https:\/\/garaj808.com\/index.php?rest_route=\/wp\/v2\/users\/1"}],"replies":[{"embeddable":true,"href":"https:\/\/garaj808.com\/index.php?rest_route=%2Fwp%2Fv2%2Fcomments&post=200"}],"version-history":[{"count":7,"href":"https:\/\/garaj808.com\/index.php?rest_route=\/wp\/v2\/pages\/200\/revisions"}],"predecessor-version":[{"id":289,"href":"https:\/\/garaj808.com\/index.php?rest_route=\/wp\/v2\/pages\/200\/revisions\/289"}],"wp:attachment":[{"href":"https:\/\/garaj808.com\/index.php?rest_route=%2Fwp%2Fv2%2Fmedia&parent=200"}],"curies":[{"name":"wp","href":"https:\/\/api.w.org\/{rel}","templated":true}]}}